{"id":29,"date":"2023-12-15T16:14:50","date_gmt":"2023-12-15T15:14:50","guid":{"rendered":"https:\/\/ricchari.com\/?page_id=29"},"modified":"2024-01-10T09:15:23","modified_gmt":"2024-01-10T14:15:23","slug":"home","status":"publish","type":"page","link":"https:\/\/ricchari.com\/index.php\/home\/","title":{"rendered":"Inicio"},"content":{"rendered":"\r\n<div class=\"wp-block-columns container is-layout-flex wp-container-core-columns-layout-1 wp-block-columns-is-layout-flex\">\r\n<div class=\"wp-block-column col-md-5 is-layout-flow wp-block-column-is-layout-flow\">\r\n\r\n\r\n<h2 class=\"wp-block-heading\">Ricchari Inka &#8211; Suite<\/h2>\r\n\r\n\r\n\r\n<h5><span style=\"color: #808080;\">Hotel Ricchari Inka Suites \u2013 Hotel Corporativo con toda comodidad, una atenci\u00f3n personalizada y cordial, tenemos una ubicaci\u00f3n privilegiada. Si su estad\u00eda es por turismo o negocios, nuestro Hotel Ricchari Inka Suites har\u00e1 que su estad\u00eda sea confort. Nuestras suites, cuenta con yacusi y un lugar amplio para que su estad\u00eda sea placentera.<\/span><\/h5>\r\n<\/div>\r\n\r\n\r\n\r\n<div class=\"wp-block-column col-md-6 col-md-offset1 is-layout-flow wp-block-column-is-layout-flow\">\r\n\r\n\r\n<figure class=\"wp-block-image size-large\"><img fetchpriority=\"high\" decoding=\"async\" class=\"size-full wp-image-58 alignleft\" src=\"https:\/\/ricchari.com\/wp-content\/uploads\/2023\/12\/IMG_6002.jpeg\" alt=\"\" width=\"1920\" height=\"1280\" srcset=\"https:\/\/ricchari.com\/wp-content\/uploads\/2023\/12\/IMG_6002.jpeg 1920w, https:\/\/ricchari.com\/wp-content\/uploads\/2023\/12\/IMG_6002-300x200.jpeg 300w, https:\/\/ricchari.com\/wp-content\/uploads\/2023\/12\/IMG_6002-1024x683.jpeg 1024w, https:\/\/ricchari.com\/wp-content\/uploads\/2023\/12\/IMG_6002-768x512.jpeg 768w, https:\/\/ricchari.com\/wp-content\/uploads\/2023\/12\/IMG_6002-1536x1024.jpeg 1536w, https:\/\/ricchari.com\/wp-content\/uploads\/2023\/12\/IMG_6002-446x297.jpeg 446w\" sizes=\"(max-width: 1920px) 100vw, 1920px\" \/><\/figure>\r\n\r\n\r\n\r\n<p>&nbsp;<\/p>\r\n<\/div>\r\n<\/div>\r\n","protected":false},"excerpt":{"rendered":"<p>Ricchari Inka &#8211; Suite Hotel Ricchari Inka Suites \u2013 Hotel Corporativo con toda comodidad, una atenci\u00f3n personalizada y cordial, tenemos una ubicaci\u00f3n privilegiada. Si su estad\u00eda es por turismo o negocios, nuestro Hotel Ricchari Inka Suites har\u00e1 que su estad\u00eda sea confort. Nuestras suites, cuenta con yacusi y un lugar amplio para que su estad\u00eda [&hellip;]<\/p>\n","protected":false},"author":1,"featured_media":62,"parent":0,"menu_order":0,"comment_status":"closed","ping_status":"closed","template":"","meta":{"om_disable_all_campaigns":false,"_monsterinsights_skip_tracking":false,"_monsterinsights_sitenote_active":false,"_monsterinsights_sitenote_note":"","_monsterinsights_sitenote_category":0,"footnotes":""},"aioseo_notices":[],"_links":{"self":[{"href":"https:\/\/ricchari.com\/index.php\/wp-json\/wp\/v2\/pages\/29"}],"collection":[{"href":"https:\/\/ricchari.com\/index.php\/wp-json\/wp\/v2\/pages"}],"about":[{"href":"https:\/\/ricchari.com\/index.php\/wp-json\/wp\/v2\/types\/page"}],"author":[{"embeddable":true,"href":"https:\/\/ricchari.com\/index.php\/wp-json\/wp\/v2\/users\/1"}],"replies":[{"embeddable":true,"href":"https:\/\/ricchari.com\/index.php\/wp-json\/wp\/v2\/comments?post=29"}],"version-history":[{"count":8,"href":"https:\/\/ricchari.com\/index.php\/wp-json\/wp\/v2\/pages\/29\/revisions"}],"predecessor-version":[{"id":185,"href":"https:\/\/ricchari.com\/index.php\/wp-json\/wp\/v2\/pages\/29\/revisions\/185"}],"wp:featuredmedia":[{"embeddable":true,"href":"https:\/\/ricchari.com\/index.php\/wp-json\/wp\/v2\/media\/62"}],"wp:attachment":[{"href":"https:\/\/ricchari.com\/index.php\/wp-json\/wp\/v2\/media?parent=29"}],"curies":[{"name":"wp","href":"https:\/\/api.w.org\/{rel}","templated":true}]}}